{"id":755,"date":"2015-04-09T18:58:44","date_gmt":"2015-04-09T16:58:44","guid":{"rendered":"http:\/\/www.aktivaseniorerlerum.se\/?page_id=755"},"modified":"2019-05-12T20:26:21","modified_gmt":"2019-05-12T18:26:21","slug":"fotografier","status":"publish","type":"page","link":"https:\/\/www.aktivaseniorerlerum.se\/?page_id=755","title":{"rendered":"Fotografier och filmer"},"content":{"rendered":"<p>\u00c5rsm\u00f6te 2019-02-22 i Equmeniakyrkan.<\/p>\n<p>En skildring fr\u00e5n en <a href=\"https:\/\/vimeo.com\/321728509?utm_source=email&amp;utm_medium=vimeo-cliptranscode-201504&amp;utm_campaign=28749&amp;utm_term=1199458\" target=\"_blank\" rel=\"noopener noreferrer\">kommunalst\u00e4mma \u00e5r 1900<\/a> i Stora Lundby.<\/p>\n<hr \/>\n<p><span style=\"font-size: 12pt;\">N\u00e5gra bilder fr\u00e5n retroresan i september 2018. Fotograf<\/span> <span style=\"font-family: helvetica,arial,sans-serif; font-size: 12pt;\"><span style=\"margin: 0px;\"><span style=\"color: #000000;\">G\u00f6ran H\u00e6germark<\/span><\/span>.<\/span><\/p>\n<p><a href=\"http:\/\/www.aktivaseniorerlerum.se\/fotografier\/sdr-2\/\" rel=\"attachment wp-att-1890\"><img loading=\"lazy\" decoding=\"async\" class=\"size-medium wp-image-1890\" src=\"http:\/\/media1.aktivaseniorerlerum.se\/2018\/09\/IMG_20180921_104516-300x225.jpg\" alt=\"\" width=\"300\" height=\"225\" srcset=\"http:\/\/media1.aktivaseniorerlerum.se\/2018\/09\/IMG_20180921_104516-300x225.jpg 300w, http:\/\/media1.aktivaseniorerlerum.se\/2018\/09\/IMG_20180921_104516-768x576.jpg 768w, http:\/\/media1.aktivaseniorerlerum.se\/2018\/09\/IMG_20180921_104516-1024x768.jpg 1024w, http:\/\/media1.aktivaseniorerlerum.se\/2018\/09\/IMG_20180921_104516-400x300.jpg 400w\" sizes=\"auto, (max-width: 300px) 100vw, 300px\" \/><\/a><\/p>\n<p><a href=\"http:\/\/www.aktivaseniorerlerum.se\/fotografier\/sdr-5\/\" rel=\"attachment wp-att-1895\"><img loading=\"lazy\" decoding=\"async\" class=\"alignleft wp-image-1895 size-medium\" src=\"http:\/\/media1.aktivaseniorerlerum.se\/2018\/09\/IMG_20180921_161513-300x225.jpg\" alt=\"\" width=\"300\" height=\"225\" srcset=\"http:\/\/media1.aktivaseniorerlerum.se\/2018\/09\/IMG_20180921_161513-300x225.jpg 300w, http:\/\/media1.aktivaseniorerlerum.se\/2018\/09\/IMG_20180921_161513-768x576.jpg 768w, http:\/\/media1.aktivaseniorerlerum.se\/2018\/09\/IMG_20180921_161513-1024x768.jpg 1024w, http:\/\/media1.aktivaseniorerlerum.se\/2018\/09\/IMG_20180921_161513-400x300.jpg 400w\" sizes=\"auto, (max-width: 300px) 100vw, 300px\" \/><\/a><\/p>\n<p><a href=\"http:\/\/www.aktivaseniorerlerum.se\/fotografier\/dav\/\" rel=\"attachment wp-att-1894\"><img loading=\"lazy\" decoding=\"async\" class=\"wp-image-1894 size-medium alignleft\" src=\"http:\/\/media1.aktivaseniorerlerum.se\/2018\/09\/IMG_20180921_155344-300x225.jpg\" alt=\"\" width=\"300\" height=\"225\" srcset=\"http:\/\/media1.aktivaseniorerlerum.se\/2018\/09\/IMG_20180921_155344-300x225.jpg 300w, http:\/\/media1.aktivaseniorerlerum.se\/2018\/09\/IMG_20180921_155344-768x576.jpg 768w, http:\/\/media1.aktivaseniorerlerum.se\/2018\/09\/IMG_20180921_155344-1024x768.jpg 1024w, http:\/\/media1.aktivaseniorerlerum.se\/2018\/09\/IMG_20180921_155344-400x300.jpg 400w\" sizes=\"auto, (max-width: 300px) 100vw, 300px\" \/><\/a><\/p>\n<p><a href=\"http:\/\/www.aktivaseniorerlerum.se\/fotografier\/rpt\/\" rel=\"attachment wp-att-1893\"><img loading=\"lazy\" decoding=\"async\" class=\"size-medium wp-image-1893\" src=\"http:\/\/media1.aktivaseniorerlerum.se\/2018\/09\/IMG_20180921_141336-300x230.jpg\" alt=\"\" width=\"300\" height=\"230\" srcset=\"http:\/\/media1.aktivaseniorerlerum.se\/2018\/09\/IMG_20180921_141336-300x230.jpg 300w, http:\/\/media1.aktivaseniorerlerum.se\/2018\/09\/IMG_20180921_141336-768x588.jpg 768w, http:\/\/media1.aktivaseniorerlerum.se\/2018\/09\/IMG_20180921_141336-1024x784.jpg 1024w, http:\/\/media1.aktivaseniorerlerum.se\/2018\/09\/IMG_20180921_141336-392x300.jpg 392w\" sizes=\"auto, (max-width: 300px) 100vw, 300px\" \/><\/a><\/p>\n<p><a href=\"http:\/\/www.aktivaseniorerlerum.se\/fotografier\/sdr-4\/\" rel=\"attachment wp-att-1892\"><img loading=\"lazy\" decoding=\"async\" class=\"size-medium wp-image-1892\" src=\"http:\/\/media1.aktivaseniorerlerum.se\/2018\/09\/IMG_20180921_132252-300x225.jpg\" alt=\"\" width=\"300\" height=\"225\" srcset=\"http:\/\/media1.aktivaseniorerlerum.se\/2018\/09\/IMG_20180921_132252-300x225.jpg 300w, http:\/\/media1.aktivaseniorerlerum.se\/2018\/09\/IMG_20180921_132252-768x576.jpg 768w, http:\/\/media1.aktivaseniorerlerum.se\/2018\/09\/IMG_20180921_132252-1024x768.jpg 1024w, http:\/\/media1.aktivaseniorerlerum.se\/2018\/09\/IMG_20180921_132252-400x300.jpg 400w\" sizes=\"auto, (max-width: 300px) 100vw, 300px\" \/><\/a><\/p>\n<p><a href=\"http:\/\/www.aktivaseniorerlerum.se\/fotografier\/sdr-3\/\" rel=\"attachment wp-att-1891\"><img loading=\"lazy\" decoding=\"async\" class=\"size-medium wp-image-1891\" src=\"http:\/\/media1.aktivaseniorerlerum.se\/2018\/09\/IMG_20180921_130224-300x225.jpg\" alt=\"\" width=\"300\" height=\"225\" srcset=\"http:\/\/media1.aktivaseniorerlerum.se\/2018\/09\/IMG_20180921_130224-300x225.jpg 300w, http:\/\/media1.aktivaseniorerlerum.se\/2018\/09\/IMG_20180921_130224-768x576.jpg 768w, http:\/\/media1.aktivaseniorerlerum.se\/2018\/09\/IMG_20180921_130224-1024x768.jpg 1024w, http:\/\/media1.aktivaseniorerlerum.se\/2018\/09\/IMG_20180921_130224-400x300.jpg 400w\" sizes=\"auto, (max-width: 300px) 100vw, 300px\" \/><\/a><\/p>\n<p><a href=\"http:\/\/www.aktivaseniorerlerum.se\/fotografier\/sdr\/\" rel=\"attachment wp-att-1889\"><img loading=\"lazy\" decoding=\"async\" class=\"size-medium wp-image-1889\" src=\"http:\/\/media1.aktivaseniorerlerum.se\/2018\/09\/IMG_20180921_102539-300x225.jpg\" alt=\"\" width=\"300\" height=\"225\" srcset=\"http:\/\/media1.aktivaseniorerlerum.se\/2018\/09\/IMG_20180921_102539-300x225.jpg 300w, http:\/\/media1.aktivaseniorerlerum.se\/2018\/09\/IMG_20180921_102539-768x576.jpg 768w, http:\/\/media1.aktivaseniorerlerum.se\/2018\/09\/IMG_20180921_102539-1024x768.jpg 1024w, http:\/\/media1.aktivaseniorerlerum.se\/2018\/09\/IMG_20180921_102539-400x300.jpg 400w\" sizes=\"auto, (max-width: 300px) 100vw, 300px\" \/><\/a><\/p>\n<p>N\u00e5gra bilder fr\u00e5n bussturen l\u00e4ngs G\u00f6ta \u00e4lv Februari 2015.<\/p>\n<div id=\"attachment_732\" style=\"width: 187px\" class=\"wp-caption alignleft\"><a href=\"http:\/\/media1.aktivaseniorerlerum.se\/2015\/03\/BY8G3723.jpg\"><img loading=\"lazy\" decoding=\"async\" aria-describedby=\"caption-attachment-732\" class=\"size-medium wp-image-732\" src=\"http:\/\/media1.aktivaseniorerlerum.se\/2015\/03\/BY8G3723-177x300.jpg\" alt=\"Glasbruksmuseet 4\" width=\"177\" height=\"300\" srcset=\"http:\/\/media1.aktivaseniorerlerum.se\/2015\/03\/BY8G3723-177x300.jpg 177w, http:\/\/media1.aktivaseniorerlerum.se\/2015\/03\/BY8G3723-604x1024.jpg 604w\" sizes=\"auto, (max-width: 177px) 100vw, 177px\" \/><\/a><p id=\"caption-attachment-732\" class=\"wp-caption-text\">Glasbruksmuseet 4<\/p><\/div>\n<div id=\"attachment_729\" style=\"width: 216px\" class=\"wp-caption alignleft\"><a href=\"http:\/\/media1.aktivaseniorerlerum.se\/2015\/03\/BY8G3709.jpg\"><img loading=\"lazy\" decoding=\"async\" aria-describedby=\"caption-attachment-729\" class=\"size-medium wp-image-729\" src=\"http:\/\/media1.aktivaseniorerlerum.se\/2015\/03\/BY8G3709-206x300.jpg\" alt=\"Glasbruksmuseet 1\" width=\"206\" height=\"300\" srcset=\"http:\/\/media1.aktivaseniorerlerum.se\/2015\/03\/BY8G3709-206x300.jpg 206w, http:\/\/media1.aktivaseniorerlerum.se\/2015\/03\/BY8G3709-704x1024.jpg 704w\" sizes=\"auto, (max-width: 206px) 100vw, 206px\" \/><\/a><p id=\"caption-attachment-729\" class=\"wp-caption-text\">Glasbruksmuseet 1<\/p><\/div>\n<div id=\"attachment_727\" style=\"width: 310px\" class=\"wp-caption alignleft\"><a href=\"http:\/\/media1.aktivaseniorerlerum.se\/2015\/03\/BY8G3689.jpg\"><img loading=\"lazy\" decoding=\"async\" aria-describedby=\"caption-attachment-727\" class=\"size-medium wp-image-727\" src=\"http:\/\/media1.aktivaseniorerlerum.se\/2015\/03\/BY8G3689-300x200.jpg\" alt=\"L\u00f6d\u00f6se museum 3\" width=\"300\" height=\"200\" srcset=\"http:\/\/media1.aktivaseniorerlerum.se\/2015\/03\/BY8G3689-300x200.jpg 300w, http:\/\/media1.aktivaseniorerlerum.se\/2015\/03\/BY8G3689-1024x683.jpg 1024w, http:\/\/media1.aktivaseniorerlerum.se\/2015\/03\/BY8G3689-450x300.jpg 450w\" sizes=\"auto, (max-width: 300px) 100vw, 300px\" \/><\/a><p id=\"caption-attachment-727\" class=\"wp-caption-text\">L\u00f6d\u00f6se museum 3<\/p><\/div>\n<div id=\"attachment_724\" style=\"width: 310px\" class=\"wp-caption alignleft\"><a href=\"http:\/\/media1.aktivaseniorerlerum.se\/2015\/03\/BY8G3675.jpg\"><img loading=\"lazy\" decoding=\"async\" aria-describedby=\"caption-attachment-724\" class=\"size-medium wp-image-724\" src=\"http:\/\/media1.aktivaseniorerlerum.se\/2015\/03\/BY8G3675-300x200.jpg\" alt=\"Repslagarmuseet 9\" width=\"300\" height=\"200\" srcset=\"http:\/\/media1.aktivaseniorerlerum.se\/2015\/03\/BY8G3675-300x200.jpg 300w, http:\/\/media1.aktivaseniorerlerum.se\/2015\/03\/BY8G3675-1024x683.jpg 1024w, http:\/\/media1.aktivaseniorerlerum.se\/2015\/03\/BY8G3675-450x300.jpg 450w\" sizes=\"auto, (max-width: 300px) 100vw, 300px\" \/><\/a><p id=\"caption-attachment-724\" class=\"wp-caption-text\">Repslagarmuseet 9<\/p><\/div>\n<div id=\"attachment_723\" style=\"width: 259px\" class=\"wp-caption alignleft\"><a href=\"http:\/\/media1.aktivaseniorerlerum.se\/2015\/03\/BY8G3674.jpg\"><img loading=\"lazy\" decoding=\"async\" aria-describedby=\"caption-attachment-723\" class=\"size-medium wp-image-723\" src=\"http:\/\/media1.aktivaseniorerlerum.se\/2015\/03\/BY8G3674-249x300.jpg\" alt=\"Repslagarmuseet 8\" width=\"249\" height=\"300\" srcset=\"http:\/\/media1.aktivaseniorerlerum.se\/2015\/03\/BY8G3674-249x300.jpg 249w, http:\/\/media1.aktivaseniorerlerum.se\/2015\/03\/BY8G3674-851x1024.jpg 851w\" sizes=\"auto, (max-width: 249px) 100vw, 249px\" \/><\/a><p id=\"caption-attachment-723\" class=\"wp-caption-text\">Repslagarmuseet 8<\/p><\/div>\n<div id=\"attachment_722\" style=\"width: 210px\" class=\"wp-caption alignleft\"><a href=\"http:\/\/media1.aktivaseniorerlerum.se\/2015\/03\/BY8G3672.jpg\"><img loading=\"lazy\" decoding=\"async\" aria-describedby=\"caption-attachment-722\" class=\"size-medium wp-image-722\" src=\"http:\/\/media1.aktivaseniorerlerum.se\/2015\/03\/BY8G3672-200x300.jpg\" alt=\"Repslagarmuseet 7\" width=\"200\" height=\"300\" srcset=\"http:\/\/media1.aktivaseniorerlerum.se\/2015\/03\/BY8G3672-200x300.jpg 200w, http:\/\/media1.aktivaseniorerlerum.se\/2015\/03\/BY8G3672-683x1024.jpg 683w\" sizes=\"auto, (max-width: 200px) 100vw, 200px\" \/><\/a><p id=\"caption-attachment-722\" class=\"wp-caption-text\">Repslagarmuseet 7<\/p><\/div>\n<div id=\"attachment_719\" style=\"width: 310px\" class=\"wp-caption alignleft\"><a href=\"http:\/\/media1.aktivaseniorerlerum.se\/2015\/03\/BY8G3651.jpg\"><img loading=\"lazy\" decoding=\"async\" aria-describedby=\"caption-attachment-719\" class=\"size-medium wp-image-719\" src=\"http:\/\/media1.aktivaseniorerlerum.se\/2015\/03\/BY8G3651-300x200.jpg\" alt=\"Repslagarmuseet 4\" width=\"300\" height=\"200\" srcset=\"http:\/\/media1.aktivaseniorerlerum.se\/2015\/03\/BY8G3651-300x200.jpg 300w, http:\/\/media1.aktivaseniorerlerum.se\/2015\/03\/BY8G3651-1024x683.jpg 1024w, http:\/\/media1.aktivaseniorerlerum.se\/2015\/03\/BY8G3651-450x300.jpg 450w\" sizes=\"auto, (max-width: 300px) 100vw, 300px\" \/><\/a><p id=\"caption-attachment-719\" class=\"wp-caption-text\">Repslagarmuseet 4<\/p><\/div>\n","protected":false},"excerpt":{"rendered":"<p>\u00c5rsm\u00f6te 2019-02-22 i Equmeniakyrkan. En skildring fr\u00e5n en kommunalst\u00e4mma \u00e5r 1900 i Stora Lundby. N\u00e5gra bilder fr\u00e5n retroresan i september 2018. Fotograf G\u00f6ran H\u00e6germark. N\u00e5gra bilder fr\u00e5n bussturen l\u00e4ngs G\u00f6ta \u00e4lv Februari 2015.<\/p>\n","protected":false},"author":1,"featured_media":0,"parent":0,"menu_order":100,"comment_status":"closed","ping_status":"closed","template":"","meta":{"footnotes":""},"class_list":["post-755","page","type-page","status-publish","hentry"],"_links":{"self":[{"href":"https:\/\/www.aktivaseniorerlerum.se\/index.php?rest_route=\/wp\/v2\/pages\/755","targetHints":{"allow":["GET"]}}],"collection":[{"href":"https:\/\/www.aktivaseniorerlerum.se\/index.php?rest_route=\/wp\/v2\/pages"}],"about":[{"href":"https:\/\/www.aktivaseniorerlerum.se\/index.php?rest_route=\/wp\/v2\/types\/page"}],"author":[{"embeddable":true,"href":"https:\/\/www.aktivaseniorerlerum.se\/index.php?rest_route=\/wp\/v2\/users\/1"}],"replies":[{"embeddable":true,"href":"https:\/\/www.aktivaseniorerlerum.se\/index.php?rest_route=%2Fwp%2Fv2%2Fcomments&post=755"}],"version-history":[{"count":11,"href":"https:\/\/www.aktivaseniorerlerum.se\/index.php?rest_route=\/wp\/v2\/pages\/755\/revisions"}],"predecessor-version":[{"id":2169,"href":"https:\/\/www.aktivaseniorerlerum.se\/index.php?rest_route=\/wp\/v2\/pages\/755\/revisions\/2169"}],"wp:attachment":[{"href":"https:\/\/www.aktivaseniorerlerum.se\/index.php?rest_route=%2Fwp%2Fv2%2Fmedia&parent=755"}],"curies":[{"name":"wp","href":"https:\/\/api.w.org\/{rel}","templated":true}]}}