{"id":3816,"date":"2025-02-11T11:13:35","date_gmt":"2025-02-11T10:13:35","guid":{"rendered":"https:\/\/www.aktivaseniorerlerum.se\/?page_id=3816"},"modified":"2026-03-25T14:52:45","modified_gmt":"2026-03-25T13:52:45","slug":"kallelse","status":"publish","type":"page","link":"https:\/\/www.aktivaseniorerlerum.se\/?page_id=3816","title":{"rendered":"\u00c5rsm\u00f6tesprotokoll f\u00f6r 2025"},"content":{"rendered":"\n\n\n<p><a href=\"http:\/\/media1.aktivaseniorerlerum.se\/2026\/03\/Arsmotesprotokoll-for-2025.pdf\" target=\"_blank\" rel=\"noopener\">\u00c5rsm\u00f6tesprotokoll f\u00f6r 2025<\/a><\/p>\n\n\n\n\n","protected":false},"excerpt":{"rendered":"<p>\u00c5rsm\u00f6tesprotokoll f\u00f6r 2025<\/p>\n","protected":false},"author":1,"featured_media":0,"parent":0,"menu_order":0,"comment_status":"closed","ping_status":"closed","template":"","meta":{"footnotes":""},"class_list":["post-3816","page","type-page","status-publish","hentry"],"_links":{"self":[{"href":"https:\/\/www.aktivaseniorerlerum.se\/index.php?rest_route=\/wp\/v2\/pages\/3816","targetHints":{"allow":["GET"]}}],"collection":[{"href":"https:\/\/www.aktivaseniorerlerum.se\/index.php?rest_route=\/wp\/v2\/pages"}],"about":[{"href":"https:\/\/www.aktivaseniorerlerum.se\/index.php?rest_route=\/wp\/v2\/types\/page"}],"author":[{"embeddable":true,"href":"https:\/\/www.aktivaseniorerlerum.se\/index.php?rest_route=\/wp\/v2\/users\/1"}],"replies":[{"embeddable":true,"href":"https:\/\/www.aktivaseniorerlerum.se\/index.php?rest_route=%2Fwp%2Fv2%2Fcomments&post=3816"}],"version-history":[{"count":14,"href":"https:\/\/www.aktivaseniorerlerum.se\/index.php?rest_route=\/wp\/v2\/pages\/3816\/revisions"}],"predecessor-version":[{"id":4129,"href":"https:\/\/www.aktivaseniorerlerum.se\/index.php?rest_route=\/wp\/v2\/pages\/3816\/revisions\/4129"}],"wp:attachment":[{"href":"https:\/\/www.aktivaseniorerlerum.se\/index.php?rest_route=%2Fwp%2Fv2%2Fmedia&parent=3816"}],"curies":[{"name":"wp","href":"https:\/\/api.w.org\/{rel}","templated":true}]}}