{"id":3653,"date":"2024-12-14T23:01:22","date_gmt":"2024-12-14T22:01:22","guid":{"rendered":"https:\/\/www.aktivaseniorerlerum.se\/?page_id=3653"},"modified":"2025-12-21T18:17:59","modified_gmt":"2025-12-21T17:17:59","slug":"lunchteater-pa-stadsteatern","status":"publish","type":"page","link":"https:\/\/www.aktivaseniorerlerum.se\/?page_id=3653","title":{"rendered":"Lunchteater p\u00e5 Stadsteatern"},"content":{"rendered":"\n<p><a href=\"https:\/\/www.aktivaseniorerlerum.se\/?attachment_id=3723\" rel=\"attachment wp-att-3723\"><img loading=\"lazy\" decoding=\"async\" class=\"aligncenter size-full wp-image-3723\" src=\"http:\/\/media1.aktivaseniorerlerum.se\/2024\/12\/Lunchteater.jpg\" alt=\"\" width=\"545\" height=\"301\" srcset=\"http:\/\/media1.aktivaseniorerlerum.se\/2024\/12\/Lunchteater.jpg 545w, http:\/\/media1.aktivaseniorerlerum.se\/2024\/12\/Lunchteater-300x166.jpg 300w, http:\/\/media1.aktivaseniorerlerum.se\/2024\/12\/Lunchteater-500x276.jpg 500w\" sizes=\"auto, (max-width: 545px) 100vw, 545px\" \/><\/a><\/p>\n\n\n\n<p>Insl\u00e4pp kl 11.15 och lunch kl 11.30 f\u00f6ljt av f\u00f6rest\u00e4llning kl 12.00\u201313.00, dock ej Glad Valborg d\u00e4r insl\u00e4ppet \u00e4r 14.45.<\/p>\n<p>Om du vill anm\u00e4la dig till mer \u00e4n en f\u00f6rest\u00e4llning best\u00e4m i f\u00f6rv\u00e4g vilken f\u00f6rest\u00e4llning du helst vill se. F\u00f6r att s\u00e5 m\u00e5nga medlemmar som m\u00f6jligt ska f\u00e5 chansen att g\u00e5 p\u00e5 lunchteater kanske vi inte kan f\u00f6rmedla mer \u00e4n<strong> en biljett per person.<\/strong><\/p>\n<p><strong>Du m\u00e5ste sj\u00e4lv h\u00e4mta dina biljetter vid v\u00e5ra sammankomster p\u00e5<br \/>fredagarna p\u00e5 Derg\u00e5rdsteatern. <\/strong><\/p>\n<table style=\"width: 100%; height: 174px;\">\n<tbody>\n<tr style=\"height: 174px;\">\n<td style=\"height: 174px;\" width=\"481\">\n<p><span style=\"background-color: #ffff00;\"><strong>Anm\u00e4lan till samtliga f\u00f6rest\u00e4llningar:<br \/><\/strong>Anm\u00e4lan:\u00a0\u00a0 <strong>tidigast m\u00e5ndag 12 januari kl 09.00\u201311.00<br \/><\/strong>Kostnad:\u00a0\u00a0 \u00a0<strong>315 kr (Glad Valborg 345 kr)<br \/><\/strong>Betalas till: bankgiro <strong>5236-7273 senast fredag 23 januari<br \/><\/strong>Ansvarig:\u00a0\u00a0 <strong>Elia \u00c5keson, tel 070-082 22 93<\/strong><\/span><\/p>\n<\/td>\n<\/tr>\n<\/tbody>\n<\/table>\n\n\n\n<p><strong>Big Bang!<\/strong><\/p>\n<p><strong>Onsdag den 11 februari\u00a0\u00a0\u00a0\u00a0\u00a0\u00a0\u00a0\u00a0\u00a0\u00a0\u00a0\u00a0\u00a0\u00a0\u00a0\u00a0 kl 11.30\u00a0\u00a0\u00a0\u00a0\u00a0\u00a0\u00a0\u00a0\u00a0\u00a0\u00a0\u00a0\u00a0\u00a0\u00a0\u00a0\u00a0\u00a0\u00a0\u00a0\u00a0\u00a0\u00a0 nr 30<br \/><\/strong><strong>Torsdag den 12 februari\u00a0\u00a0\u00a0\u00a0\u00a0\u00a0\u00a0\u00a0\u00a0\u00a0\u00a0\u00a0\u00a0\u00a0\u00a0 kl 11.30\u00a0\u00a0\u00a0\u00a0\u00a0 \u201d\u00a0\u00a0\u00a0\u00a0\u00a0\u00a0\u00a0\u00a0\u00a0\u00a0\u00a0\u00a0\u00a0\u00a0\u00a0 nr 31<\/strong><\/p>\n<p><strong>Ett sprakande portr\u00e4tt av Barbro \u201dBang\u201d Alving<\/strong><\/p>\n<p><a href=\"https:\/\/www.aktivaseniorerlerum.se\/?attachment_id=4057\" rel=\"attachment wp-att-4057\"><img loading=\"lazy\" decoding=\"async\" class=\"alignleft size-medium wp-image-4057\" src=\"http:\/\/media1.aktivaseniorerlerum.se\/2025\/12\/Luncheater-2-300x150.jpg\" alt=\"\" width=\"300\" height=\"150\" srcset=\"http:\/\/media1.aktivaseniorerlerum.se\/2025\/12\/Luncheater-2-300x150.jpg 300w, http:\/\/media1.aktivaseniorerlerum.se\/2025\/12\/Luncheater-2-500x250.jpg 500w, http:\/\/media1.aktivaseniorerlerum.se\/2025\/12\/Luncheater-2.jpg 559w\" sizes=\"auto, (max-width: 300px) 100vw, 300px\" \/><\/a><\/p>\n<p>H\u00e4r f\u00e5r vi dyka ner i den banbrytande Barbro \u201dBang\u201d Alvings liv. Fr\u00e5n de tidiga \u00e5ren som skarpsynt journalist till f\u00e4ngslad civilf\u00f6rsvarsv\u00e4grare. Med humor och dramatik korsklipps f\u00e4ngelsevistelsen med minnen av hennes tidiga \u00e5r som skvallerskribent och sedan som krigsreporter, via hennes obrydda queer-liv till den avg\u00f6rande v\u00e4nskapen med Elin W\u00e4gner. En v\u00e4nskap som gjorde henne till \u00f6vertygad pacifist.<\/p>\n<p>En lekfull och gripande f\u00f6rest\u00e4llning om den enast\u00e5ende Bang. En historia med ofr\u00e5nkomliga paralleller till v\u00e5r samtid.<br \/>Med <strong>Johanna Wilson<\/strong> och <strong>Anna Littorin<\/strong><\/p>\n<hr \/>\n<p><br \/><strong>What the world needs now is love<\/strong><\/p>\n<p><strong>Onsdag den 18 februari\u00a0\u00a0\u00a0\u00a0\u00a0\u00a0\u00a0\u00a0\u00a0\u00a0\u00a0\u00a0\u00a0\u00a0\u00a0\u00a0 kl 11.30\u00a0\u00a0\u00a0\u00a0\u00a0\u00a0\u00a0\u00a0\u00a0\u00a0\u00a0\u00a0\u00a0\u00a0\u00a0\u00a0\u00a0\u00a0\u00a0\u00a0\u00a0\u00a0\u00a0 nr 32<br \/><\/strong><strong>Torsdag den 19 februari\u00a0\u00a0\u00a0\u00a0\u00a0\u00a0\u00a0\u00a0\u00a0\u00a0\u00a0\u00a0\u00a0\u00a0\u00a0 kl 11.30\u00a0\u00a0\u00a0\u00a0\u00a0\u00a0\u00a0\u00a0\u00a0\u00a0\u00a0\u00a0\u00a0\u00a0\u00a0\u00a0\u00a0\u00a0\u00a0\u00a0\u00a0\u00a0\u00a0 nr 33<br \/><\/strong><strong>Fredag den 20 februari\u00a0\u00a0\u00a0\u00a0\u00a0\u00a0\u00a0\u00a0\u00a0\u00a0\u00a0\u00a0\u00a0\u00a0\u00a0\u00a0\u00a0 kl 11.30\u00a0\u00a0\u00a0\u00a0\u00a0\u00a0\u00a0\u00a0\u00a0\u00a0\u00a0\u00a0\u00a0\u00a0\u00a0\u00a0\u00a0\u00a0\u00a0\u00a0\u00a0\u00a0\u00a0 nr 34<\/strong><\/p>\n<p><strong>En hyllning till Burt Bacharach <\/strong><\/p>\n<p><a href=\"https:\/\/www.aktivaseniorerlerum.se\/?attachment_id=4059\" rel=\"attachment wp-att-4059\"><img loading=\"lazy\" decoding=\"async\" class=\"alignleft size-medium wp-image-4059\" src=\"http:\/\/media1.aktivaseniorerlerum.se\/2025\/12\/Luncheater-3-300x150.jpg\" alt=\"\" width=\"300\" height=\"150\" srcset=\"http:\/\/media1.aktivaseniorerlerum.se\/2025\/12\/Luncheater-3-300x150.jpg 300w, http:\/\/media1.aktivaseniorerlerum.se\/2025\/12\/Luncheater-3-500x250.jpg 500w, http:\/\/media1.aktivaseniorerlerum.se\/2025\/12\/Luncheater-3.jpg 660w\" sizes=\"auto, (max-width: 300px) 100vw, 300px\" \/><\/a>V\u00e4lkomna till en oemotst\u00e5ndlig hitkavalkad som andas cocktails, sammetskostymer och sofistikerad elegans.<\/p>\n<p>Vi f\u00e5r ta del av Bacharach-\u00f6rh\u00e4ngen som <em>Walk On By, I Say A Little Prayer <\/em>och<em> The Look Of Love<\/em>.<\/p>\n<p>F\u00f6r 30 \u00e5r sedan gjorde trion succ\u00e9 med sin Bacharach-f\u00f6rest\u00e4llning. Nu \u00e4r de tillbaka och ger en intim och akustisk f\u00f6rest\u00e4llning till m\u00e4starens \u00e4ra. \u00c4ldre och klokare, f\u00f6r vet ni vad? \u2013 Quality never goes out of style!<\/p>\n<p>Med: <strong>Anci Hjulstr\u00f6m<\/strong>, <strong>Patrick Rydman<\/strong> och <strong>Martin Schaub<\/strong>.<\/p>\n<hr \/>\n<p><strong>All You Need Is Love<\/strong><\/p>\n<p><strong>Tisdag den 3 mars\u00a0\u00a0\u00a0\u00a0\u00a0\u00a0 \u00a0\u00a0\u00a0\u00a0\u00a0\u00a0\u00a0\u00a0\u00a0\u00a0\u00a0\u00a0\u00a0\u00a0\u00a0\u00a0\u00a0 kl 11.30\u00a0\u00a0\u00a0\u00a0\u00a0\u00a0\u00a0\u00a0\u00a0\u00a0\u00a0\u00a0\u00a0\u00a0\u00a0\u00a0\u00a0\u00a0\u00a0\u00a0\u00a0\u00a0\u00a0 nr 35<br \/><\/strong><strong>Fredag den 6 mars\u00a0\u00a0\u00a0\u00a0\u00a0\u00a0\u00a0\u00a0\u00a0\u00a0\u00a0\u00a0\u00a0\u00a0\u00a0\u00a0\u00a0\u00a0\u00a0\u00a0\u00a0\u00a0\u00a0\u00a0 kl 11.30\u00a0\u00a0\u00a0\u00a0\u00a0\u00a0\u00a0\u00a0\u00a0\u00a0\u00a0\u00a0\u00a0\u00a0\u00a0\u00a0\u00a0\u00a0\u00a0\u00a0\u00a0\u00a0\u00a0 nr 36<\/strong><\/p>\n<p><strong>Nik &amp; Kat + The Beatles = SANT<\/strong><\/p>\n<p><a href=\"https:\/\/www.aktivaseniorerlerum.se\/?attachment_id=4061\" rel=\"attachment wp-att-4061\"><img loading=\"lazy\" decoding=\"async\" class=\"alignleft size-medium wp-image-4061\" src=\"http:\/\/media1.aktivaseniorerlerum.se\/2025\/12\/Luncheater-4-300x150.jpg\" alt=\"\" width=\"300\" height=\"150\" srcset=\"http:\/\/media1.aktivaseniorerlerum.se\/2025\/12\/Luncheater-4-300x150.jpg 300w, http:\/\/media1.aktivaseniorerlerum.se\/2025\/12\/Luncheater-4-500x250.jpg 500w, http:\/\/media1.aktivaseniorerlerum.se\/2025\/12\/Luncheater-4.jpg 622w\" sizes=\"auto, (max-width: 300px) 100vw, 300px\" \/><\/a>The Beatles beh\u00f6ver s\u00e4llan en n\u00e4rmare presentation. <br \/>G\u00f6teborgsduon Nik &amp; Kat, som bland annat varit f\u00f6rband till n\u00e5gra av Sveriges fr\u00e4msta artister, m\u00f6ter publiken med melodier som fastnar och texter som ber\u00f6r.<\/p>\n<p>H\u00e4r f\u00f6renas The Beatles tidl\u00f6sa musik med deras egen \u2013 kryddat med personliga ber\u00e4ttelser, funderingar och anekdoter om musikskapande och livet sj\u00e4lvt.<\/p>\n<p>Med: <strong>Niklas Karlsson<\/strong> s\u00e5ng och akustisk gitarr. <strong>Kattis Trollregn<\/strong> s\u00e5ng.<\/p>\n<hr \/>\n<p><strong>S\u00e5 in i Norden<\/strong><\/p>\n<p><strong>Onsdag den 8 april\u00a0\u00a0\u00a0\u00a0\u00a0 \u00a0\u00a0\u00a0\u00a0\u00a0\u00a0\u00a0\u00a0\u00a0\u00a0\u00a0\u00a0\u00a0\u00a0\u00a0\u00a0\u00a0 kl 11.30\u00a0\u00a0\u00a0\u00a0\u00a0\u00a0\u00a0\u00a0\u00a0\u00a0\u00a0\u00a0\u00a0\u00a0\u00a0\u00a0\u00a0\u00a0\u00a0\u00a0\u00a0\u00a0\u00a0 nr 37<br \/><\/strong><strong>Torsdag den 9 april\u00a0\u00a0\u00a0\u00a0\u00a0\u00a0\u00a0\u00a0\u00a0\u00a0\u00a0\u00a0\u00a0\u00a0\u00a0\u00a0\u00a0\u00a0\u00a0\u00a0\u00a0\u00a0 kl 11.30\u00a0\u00a0\u00a0\u00a0\u00a0\u00a0\u00a0\u00a0\u00a0\u00a0\u00a0\u00a0\u00a0\u00a0\u00a0\u00a0\u00a0\u00a0\u00a0\u00a0\u00a0\u00a0\u00a0 nr 38<\/strong><\/p>\n<p><strong>Med Dubbelt upp<\/strong><\/p>\n<p><a href=\"https:\/\/www.aktivaseniorerlerum.se\/?attachment_id=4062\" rel=\"attachment wp-att-4062\"><img loading=\"lazy\" decoding=\"async\" class=\"alignleft size-medium wp-image-4062\" src=\"http:\/\/media1.aktivaseniorerlerum.se\/2025\/12\/Luncheater-5-300x150.jpg\" alt=\"\" width=\"300\" height=\"150\" srcset=\"http:\/\/media1.aktivaseniorerlerum.se\/2025\/12\/Luncheater-5-300x150.jpg 300w, http:\/\/media1.aktivaseniorerlerum.se\/2025\/12\/Luncheater-5-500x250.jpg 500w, http:\/\/media1.aktivaseniorerlerum.se\/2025\/12\/Luncheater-5.jpg 718w\" sizes=\"auto, (max-width: 300px) 100vw, 300px\" \/><\/a>\u00c4rliga ber\u00e4ttelser fr\u00e5n de nordiska l\u00e4nderna, inklusive F\u00e4r\u00f6arna, \u00c5land och Gr\u00f6nland.<\/p>\n<p>Det \u00e4r b\u00e5de nya och gamla, komiska och vemodiga, n\u00e4stan sanna eller helt<\/p>\n<p>p\u00e5hittade historier. Somliga lockar till skratt, andra ber\u00f6r p\u00e5 djupet och n\u00e5gra ber\u00e4ttas helt enkelt f\u00f6r att de \u00e4r goda skr\u00f6nor.<\/p>\n<p>Med: <strong>Maria Arnadottir<\/strong> och <strong>Jerker Fahlstr\u00f6m<\/strong>.<\/p>\n<hr \/>\n<p><strong>Glad Valborg!<\/strong><\/p>\n<p><strong>Torsdag den 30 april\u00a0\u00a0 \u00a0\u00a0\u00a0\u00a0\u00a0\u00a0\u00a0\u00a0\u00a0\u00a0\u00a0\u00a0\u00a0\u00a0\u00a0\u00a0\u00a0 kl 14.45\u00a0\u00a0\u00a0\u00a0\u00a0\u00a0\u00a0\u00a0\u00a0\u00a0\u00a0\u00a0\u00a0\u00a0\u00a0\u00a0\u00a0\u00a0\u00a0\u00a0\u00a0\u00a0\u00a0 nr 39<\/strong><\/p>\n<p><strong>Fira v\u00e5rens ankomst med oss<\/strong><\/p>\n<p><a href=\"https:\/\/www.aktivaseniorerlerum.se\/?attachment_id=4064\" rel=\"attachment wp-att-4064\"><img loading=\"lazy\" decoding=\"async\" class=\"aligncenter size-full wp-image-4064\" src=\"http:\/\/media1.aktivaseniorerlerum.se\/2025\/12\/Luncheater-6.jpg\" alt=\"\" width=\"758\" height=\"379\" srcset=\"http:\/\/media1.aktivaseniorerlerum.se\/2025\/12\/Luncheater-6.jpg 758w, http:\/\/media1.aktivaseniorerlerum.se\/2025\/12\/Luncheater-6-300x150.jpg 300w, http:\/\/media1.aktivaseniorerlerum.se\/2025\/12\/Luncheater-6-500x250.jpg 500w\" sizes=\"auto, (max-width: 758px) 100vw, 758px\" \/><\/a><\/p>\n<p>B\u00f6rja valborgsfirandet med att njuta av en tv\u00e5r\u00e4ttersmiddag f\u00f6r att sedan lyssna p\u00e5 traditionella v\u00e5rs\u00e5nger som <em>Sk\u00f6na maj, L\u00e4ngtan till landet <br \/>(Vintern rasat) <\/em>och<em> Glad s\u00e5som f\u00e5geln<\/em>. Alla framf\u00f6rda av Akademiska <br \/>k\u00f6ren. Stanna g\u00e4rna kvar p\u00e5 terrassen efter f\u00f6rest\u00e4llningen f\u00f6r en fantastisk utsikt \u00f6ver kortegen.<\/p>\n<p>Dirigent: <strong>Anders Ewaldz<\/strong>.<\/p>\n<hr \/>\n<p>\u00a0<\/p>\n\n\n\n<blockquote>\n<p>\u00a0<\/p>\n<\/blockquote>\n","protected":false},"excerpt":{"rendered":"<p>Insl\u00e4pp kl 11.15 och lunch kl 11.30 f\u00f6ljt av f\u00f6rest\u00e4llning kl 12.00\u201313.00, dock ej Glad Valborg d\u00e4r insl\u00e4ppet \u00e4r 14.45. Om du vill anm\u00e4la dig till mer \u00e4n en f\u00f6rest\u00e4llning best\u00e4m i f\u00f6rv\u00e4g vilken f\u00f6rest\u00e4llning du helst vill se. F\u00f6r &hellip; <a href=\"https:\/\/www.aktivaseniorerlerum.se\/?page_id=3653\">Forts\u00e4tt l\u00e4sa <span class=\"meta-nav\">&rarr;<\/span><\/a><\/p>\n","protected":false},"author":1,"featured_media":0,"parent":0,"menu_order":0,"comment_status":"closed","ping_status":"closed","template":"","meta":{"footnotes":""},"class_list":["post-3653","page","type-page","status-publish","hentry"],"_links":{"self":[{"href":"https:\/\/www.aktivaseniorerlerum.se\/index.php?rest_route=\/wp\/v2\/pages\/3653","targetHints":{"allow":["GET"]}}],"collection":[{"href":"https:\/\/www.aktivaseniorerlerum.se\/index.php?rest_route=\/wp\/v2\/pages"}],"about":[{"href":"https:\/\/www.aktivaseniorerlerum.se\/index.php?rest_route=\/wp\/v2\/types\/page"}],"author":[{"embeddable":true,"href":"https:\/\/www.aktivaseniorerlerum.se\/index.php?rest_route=\/wp\/v2\/users\/1"}],"replies":[{"embeddable":true,"href":"https:\/\/www.aktivaseniorerlerum.se\/index.php?rest_route=%2Fwp%2Fv2%2Fcomments&post=3653"}],"version-history":[{"count":17,"href":"https:\/\/www.aktivaseniorerlerum.se\/index.php?rest_route=\/wp\/v2\/pages\/3653\/revisions"}],"predecessor-version":[{"id":4066,"href":"https:\/\/www.aktivaseniorerlerum.se\/index.php?rest_route=\/wp\/v2\/pages\/3653\/revisions\/4066"}],"wp:attachment":[{"href":"https:\/\/www.aktivaseniorerlerum.se\/index.php?rest_route=%2Fwp%2Fv2%2Fmedia&parent=3653"}],"curies":[{"name":"wp","href":"https:\/\/api.w.org\/{rel}","templated":true}]}}