{"id":3649,"date":"2024-12-14T22:54:19","date_gmt":"2024-12-14T21:54:19","guid":{"rendered":"https:\/\/www.aktivaseniorerlerum.se\/?page_id=3649"},"modified":"2025-12-21T17:49:42","modified_gmt":"2025-12-21T16:49:42","slug":"resor-vt2025","status":"publish","type":"page","link":"https:\/\/www.aktivaseniorerlerum.se\/?page_id=3649","title":{"rendered":"Resor VT2026"},"content":{"rendered":"\n\n\n\n\n<p><strong>Koster och Hilmas Alaska utanf\u00f6r Str\u00f6mstad <\/strong><\/p>\n<p><strong>Onsdag 20 maj\u00a0\u00a0\u00a0\u00a0\u00a0\u00a0\u00a0\u00a0\u00a0\u00a0\u00a0 \u00a0\u00a0\u00a0\u00a0\u00a0\u00a0\u00a0\u00a0\u00a0\u00a0\u00a0\u00a0\u00a0\u00a0\u00a0\u00a0\u00a0 kl 08.20\u00a0\u00a0\u00a0\u00a0\u00a0 \u00a0\u00a0\u00a0\u00a0\u00a0\u00a0\u00a0\u00a0\u00a0\u00a0\u00a0\u00a0\u00a0\u00a0\u00a0\u00a0\u00a0 nr 27<\/strong><\/p>\n<p>Vi reser med V\u00e5rg\u00e5rdabuss fr\u00e5n Lerums station kl 08.20. \u00c5ter ca kl 18.30.<\/p>\n<p><a href=\"https:\/\/www.aktivaseniorerlerum.se\/?attachment_id=4048\" rel=\"attachment wp-att-4048\"><img loading=\"lazy\" decoding=\"async\" class=\"aligncenter size-medium wp-image-4048\" src=\"http:\/\/media1.aktivaseniorerlerum.se\/2025\/12\/Koster-1-300x157.png\" alt=\"\" width=\"300\" height=\"157\" srcset=\"http:\/\/media1.aktivaseniorerlerum.se\/2025\/12\/Koster-1-300x157.png 300w, http:\/\/media1.aktivaseniorerlerum.se\/2025\/12\/Koster-1.png 344w\" sizes=\"auto, (max-width: 300px) 100vw, 300px\" \/><\/a><a href=\"https:\/\/www.aktivaseniorerlerum.se\/?attachment_id=4049\" rel=\"attachment wp-att-4049\"><img loading=\"lazy\" decoding=\"async\" class=\"aligncenter size-medium wp-image-4049\" src=\"http:\/\/media1.aktivaseniorerlerum.se\/2025\/12\/Koster-2-300x156.png\" alt=\"\" width=\"300\" height=\"156\" srcset=\"http:\/\/media1.aktivaseniorerlerum.se\/2025\/12\/Koster-2-300x156.png 300w, http:\/\/media1.aktivaseniorerlerum.se\/2025\/12\/Koster-2.png 346w\" sizes=\"auto, (max-width: 300px) 100vw, 300px\" \/><\/a><\/p>\n<p>\u00a0Till v\u00e5ren visas filmen om <strong>Hilma Wounschs<\/strong> liv p\u00e5 SVT.<\/p>\n<p>I Str\u00f6mstad tar vi sk\u00e4rg\u00e5rdsb\u00e5t fr\u00e5n Selin Charter och guidas p\u00e5 Alaska i den historiska och unika tr\u00e4dg\u00e5rden. Ombord blir det fika med kaffe och macka p\u00e5 v\u00e4g till Alaska.<\/p>\n<p>Hilma var en \u00e4ventyrslysten fiskardotter fr\u00e5n Syd-H\u00e4lls\u00f6 utanf\u00f6r Str\u00f6mstad som 26 \u00e5r gammal tog b\u00e5ten till Amerika och vidare till Alaska i USA 1897 och var borta i 30 \u00e5r. I slutet av 1920-talet \u00e5terv\u00e4nde Hilma till Sverige f\u00f6r att ta ut sin arvslott, en bit mark p\u00e5 Nord-L\u00e5ng\u00f6. H\u00e4r skapade guldgr\u00e4verskan p\u00e5 1930-talet, inspirerad av villatr\u00e4dg\u00e5rdarna i Kalifornien, sitt eget paradis. Med hj\u00e4lp av stenar, sn\u00e4ckor och cement l\u00e4t hon uppf\u00f6ra terrasser, tempel, torn och andra fantasifulla byggnationer med sina bara h\u00e4nder. Hon byggde \u00e4ven upp Golden Gate. L\u00e5ngsamt v\u00e4xte det Alaska vi kan se idag fram.<\/p>\n<p>Vi \u00e5ker vidare med b\u00e5ten till Sydkoster och anl\u00e4nder till Eken\u00e4s. Ombord blir det lunch: varmr\u00f6kt lax med hemmagjord potatissallad, gr\u00f6nsaker, s\u00e5s och Raml\u00f6sa. D\u00e4refter guidas vi om Kosterhavets marina nationalpark. Sedan \u00e5ker vi med \u201dKostert\u00e5get\u201d och f\u00e5r guidning runt \u00f6n med stopp vid kyrkan, Naturum och Hembygdsmuseet. P\u00e5 b\u00e5ten tillbaka fr\u00e5n L\u00e5ngag\u00e4rde till Str\u00f6mstad blir det kaffe och bulle. Sedan \u00e5terst\u00e5r bara de sista milen med buss tillbaka till Lerum.<\/p>\n<p><strong>Max 40 deltagare. <\/strong><\/p>\n<p><strong>\u00a0<\/strong>Anm\u00e4lan:<strong>\u00a0\u00a0\u00a0\u00a0\u00a0\u00a0 tidigast tisdag 7 april kl 09.00\u201311.00<br \/><\/strong>Kostnad:<strong>\u00a0\u00a0\u00a0\u00a0\u00a0\u00a0\u00a0 1425 kr <\/strong>inkl. kaffe &amp; sm\u00f6rg\u00e5s, b\u00e5ttur med guide p\u00e5 Alaska och Koster,\u00a0 \u00a0 \u00a0 \u00a0 Kostert\u00e5g med guide, lunch med Raml\u00f6sa, kaffe och bulle.<br \/>Betalas till:\u00a0\u00a0\u00a0 bankgiro<strong> 5236-7273 senast fredag 24 april<br \/><\/strong>Kontakt:<strong>\u00a0\u00a0\u00a0\u00a0\u00a0\u00a0\u00a0\u00a0 Lennart Apleberger, tel 070-558 42 44<\/strong><\/p>\n<hr \/>\n<p>\u00a0<\/p>\n","protected":false},"excerpt":{"rendered":"<p>Koster och Hilmas Alaska utanf\u00f6r Str\u00f6mstad Onsdag 20 maj\u00a0\u00a0\u00a0\u00a0\u00a0\u00a0\u00a0\u00a0\u00a0\u00a0\u00a0 \u00a0\u00a0\u00a0\u00a0\u00a0\u00a0\u00a0\u00a0\u00a0\u00a0\u00a0\u00a0\u00a0\u00a0\u00a0\u00a0\u00a0 kl 08.20\u00a0\u00a0\u00a0\u00a0\u00a0 \u00a0\u00a0\u00a0\u00a0\u00a0\u00a0\u00a0\u00a0\u00a0\u00a0\u00a0\u00a0\u00a0\u00a0\u00a0\u00a0\u00a0 nr 27 Vi reser med V\u00e5rg\u00e5rdabuss fr\u00e5n Lerums station kl 08.20. \u00c5ter ca kl 18.30. \u00a0Till v\u00e5ren visas filmen om Hilma Wounschs liv p\u00e5 SVT. I Str\u00f6mstad &hellip; <a href=\"https:\/\/www.aktivaseniorerlerum.se\/?page_id=3649\">Forts\u00e4tt l\u00e4sa <span class=\"meta-nav\">&rarr;<\/span><\/a><\/p>\n","protected":false},"author":1,"featured_media":0,"parent":0,"menu_order":0,"comment_status":"closed","ping_status":"closed","template":"","meta":{"footnotes":""},"class_list":["post-3649","page","type-page","status-publish","hentry"],"_links":{"self":[{"href":"https:\/\/www.aktivaseniorerlerum.se\/index.php?rest_route=\/wp\/v2\/pages\/3649","targetHints":{"allow":["GET"]}}],"collection":[{"href":"https:\/\/www.aktivaseniorerlerum.se\/index.php?rest_route=\/wp\/v2\/pages"}],"about":[{"href":"https:\/\/www.aktivaseniorerlerum.se\/index.php?rest_route=\/wp\/v2\/types\/page"}],"author":[{"embeddable":true,"href":"https:\/\/www.aktivaseniorerlerum.se\/index.php?rest_route=\/wp\/v2\/users\/1"}],"replies":[{"embeddable":true,"href":"https:\/\/www.aktivaseniorerlerum.se\/index.php?rest_route=%2Fwp%2Fv2%2Fcomments&post=3649"}],"version-history":[{"count":6,"href":"https:\/\/www.aktivaseniorerlerum.se\/index.php?rest_route=\/wp\/v2\/pages\/3649\/revisions"}],"predecessor-version":[{"id":4050,"href":"https:\/\/www.aktivaseniorerlerum.se\/index.php?rest_route=\/wp\/v2\/pages\/3649\/revisions\/4050"}],"wp:attachment":[{"href":"https:\/\/www.aktivaseniorerlerum.se\/index.php?rest_route=%2Fwp%2Fv2%2Fmedia&parent=3649"}],"curies":[{"name":"wp","href":"https:\/\/api.w.org\/{rel}","templated":true}]}}