{"id":3382,"date":"2024-01-08T16:45:15","date_gmt":"2024-01-08T15:45:15","guid":{"rendered":"https:\/\/www.aktivaseniorerlerum.se\/?page_id=3382"},"modified":"2025-02-11T11:30:16","modified_gmt":"2025-02-11T10:30:16","slug":"recept","status":"publish","type":"page","link":"https:\/\/www.aktivaseniorerlerum.se\/?page_id=3382","title":{"rendered":"Recept"},"content":{"rendered":"\n\n\n<p>L\u00e4nk till de goda kakorna som Eva har bjudit oss p\u00e5.<\/p>\n<p><a href=\"https:\/\/fridasbakblogg.se\/2021\/08\/08\/kladdkakemuffins-med-toffifee-och-center\/\" target=\"_blank\" rel=\"noopener\">Kladdkakemuffins med toffifee och center<\/a><\/p>\n<p><a href=\"http:\/\/media1.aktivaseniorerlerum.se\/2025\/02\/Eriks-Toscakaka.pdf\" target=\"_blank\" rel=\"noopener\">Eriks Toscakaka i l\u00e5ngpanna<\/a><\/p>\n<p>\u00a0<\/p>\n\n\n","protected":false},"excerpt":{"rendered":"<p>L\u00e4nk till de goda kakorna som Eva har bjudit oss p\u00e5. Kladdkakemuffins med toffifee och center Eriks Toscakaka i l\u00e5ngpanna \u00a0<\/p>\n","protected":false},"author":1,"featured_media":0,"parent":0,"menu_order":0,"comment_status":"closed","ping_status":"closed","template":"","meta":{"footnotes":""},"class_list":["post-3382","page","type-page","status-publish","hentry"],"_links":{"self":[{"href":"https:\/\/www.aktivaseniorerlerum.se\/index.php?rest_route=\/wp\/v2\/pages\/3382","targetHints":{"allow":["GET"]}}],"collection":[{"href":"https:\/\/www.aktivaseniorerlerum.se\/index.php?rest_route=\/wp\/v2\/pages"}],"about":[{"href":"https:\/\/www.aktivaseniorerlerum.se\/index.php?rest_route=\/wp\/v2\/types\/page"}],"author":[{"embeddable":true,"href":"https:\/\/www.aktivaseniorerlerum.se\/index.php?rest_route=\/wp\/v2\/users\/1"}],"replies":[{"embeddable":true,"href":"https:\/\/www.aktivaseniorerlerum.se\/index.php?rest_route=%2Fwp%2Fv2%2Fcomments&post=3382"}],"version-history":[{"count":4,"href":"https:\/\/www.aktivaseniorerlerum.se\/index.php?rest_route=\/wp\/v2\/pages\/3382\/revisions"}],"predecessor-version":[{"id":3826,"href":"https:\/\/www.aktivaseniorerlerum.se\/index.php?rest_route=\/wp\/v2\/pages\/3382\/revisions\/3826"}],"wp:attachment":[{"href":"https:\/\/www.aktivaseniorerlerum.se\/index.php?rest_route=%2Fwp%2Fv2%2Fmedia&parent=3382"}],"curies":[{"name":"wp","href":"https:\/\/api.w.org\/{rel}","templated":true}]}}