{"id":3216,"date":"2023-09-30T21:05:38","date_gmt":"2023-09-30T19:05:38","guid":{"rendered":"https:\/\/www.aktivaseniorerlerum.se\/?page_id=3216"},"modified":"2023-09-30T21:23:31","modified_gmt":"2023-09-30T19:23:31","slug":"hans-abrahamsson","status":"publish","type":"page","link":"https:\/\/www.aktivaseniorerlerum.se\/?page_id=3216","title":{"rendered":"Hans Abrahamsson"},"content":{"rendered":"\n\n\n<p><a href=\"http:\/\/media1.aktivaseniorerlerum.se\/2023\/09\/PPP-Hans-Abrahamsson.pdf\" target=\"_blank\" rel=\"noopener\">H\u00e4r finns hans presentation<\/a><\/p>\n<p><a href=\"http:\/\/media1.aktivaseniorerlerum.se\/2023\/09\/Sugen-pa-att-veta-mer-Hans-Abrahamsson-22.9.2023.pdf\" target=\"_blank\" rel=\"noopener\">och h\u00e4r l\u00e4nkar till information f\u00f6r er som \u00e4r sugna p\u00e5 att veta lite mer.<\/a><\/p>\n\n\n","protected":false},"excerpt":{"rendered":"<p>H\u00e4r finns hans presentation och h\u00e4r l\u00e4nkar till information f\u00f6r er som \u00e4r sugna p\u00e5 att veta lite mer.<\/p>\n","protected":false},"author":1,"featured_media":0,"parent":0,"menu_order":0,"comment_status":"closed","ping_status":"closed","template":"","meta":{"footnotes":""},"class_list":["post-3216","page","type-page","status-publish","hentry"],"_links":{"self":[{"href":"https:\/\/www.aktivaseniorerlerum.se\/index.php?rest_route=\/wp\/v2\/pages\/3216","targetHints":{"allow":["GET"]}}],"collection":[{"href":"https:\/\/www.aktivaseniorerlerum.se\/index.php?rest_route=\/wp\/v2\/pages"}],"about":[{"href":"https:\/\/www.aktivaseniorerlerum.se\/index.php?rest_route=\/wp\/v2\/types\/page"}],"author":[{"embeddable":true,"href":"https:\/\/www.aktivaseniorerlerum.se\/index.php?rest_route=\/wp\/v2\/users\/1"}],"replies":[{"embeddable":true,"href":"https:\/\/www.aktivaseniorerlerum.se\/index.php?rest_route=%2Fwp%2Fv2%2Fcomments&post=3216"}],"version-history":[{"count":5,"href":"https:\/\/www.aktivaseniorerlerum.se\/index.php?rest_route=\/wp\/v2\/pages\/3216\/revisions"}],"predecessor-version":[{"id":3226,"href":"https:\/\/www.aktivaseniorerlerum.se\/index.php?rest_route=\/wp\/v2\/pages\/3216\/revisions\/3226"}],"wp:attachment":[{"href":"https:\/\/www.aktivaseniorerlerum.se\/index.php?rest_route=%2Fwp%2Fv2%2Fmedia&parent=3216"}],"curies":[{"name":"wp","href":"https:\/\/api.w.org\/{rel}","templated":true}]}}