{"id":1402,"date":"2017-05-19T14:43:43","date_gmt":"2017-05-19T12:43:43","guid":{"rendered":"http:\/\/www.aktivaseniorerlerum.se\/?page_id=1402"},"modified":"2026-03-21T21:59:03","modified_gmt":"2026-03-21T20:59:03","slug":"styrelse-kontakter-och-hur-man-blir-medlem-ht2017","status":"publish","type":"page","link":"https:\/\/www.aktivaseniorerlerum.se\/?page_id=1402","title":{"rendered":"Styrelse, kontakter, hur man blir medlem"},"content":{"rendered":"<table style=\"width: 79.8239%; height: 254px;\" width=\"489\">\n<tbody>\n<tr style=\"height: 19px;\">\n<td style=\"width: 44.4215%; height: 19px;\"><span style=\"font-family: arial,helvetica,sans-serif;\">Kajsa R\u00e4ntfors<\/span><\/td>\n<td style=\"width: 30.3719%; height: 19px;\">Ordf\u00f6rande<\/td>\n<td style=\"width: 26.4463%; height: 19px;\"><span style=\"font-family: arial,helvetica,sans-serif;\">0703-949 090<\/span><\/td>\n<\/tr>\n<tr style=\"height: 25px;\">\n<td style=\"width: 44.4215%; height: 25px;\">\n<p><span style=\"font-family: arial,helvetica,sans-serif;\">Lars \u00c5keson<\/span><\/p>\n<\/td>\n<td style=\"width: 30.3719%; height: 25px;\"><span style=\"font-family: arial,helvetica,sans-serif;\">vice ordf\u00f6rande<\/span><\/td>\n<td style=\"width: 26.4463%; height: 25px;\"><span style=\"font-family: arial,helvetica,sans-serif;\">0708- 237 219<\/span><\/td>\n<\/tr>\n<tr style=\"height: 25px;\">\n<td style=\"width: 44.4215%; height: 25px;\"><span style=\"font-family: arial,helvetica,sans-serif;\">Lisbeth Gabrielsson<\/span><\/td>\n<td style=\"width: 30.3719%; height: 25px;\"><span style=\"font-family: arial,helvetica,sans-serif;\">kass\u00f6r<\/span><\/td>\n<td style=\"width: 26.4463%; height: 25px;\"><span style=\"font-family: arial,helvetica,sans-serif;\">0761-700 152<\/span><\/td>\n<\/tr>\n<tr style=\"height: 19px;\">\n<td style=\"width: 44.4215%; height: 19px;\"><span style=\"font-family: arial,helvetica,sans-serif;\">Kerstin Wallgren<\/span><\/td>\n<td style=\"width: 30.3719%; height: 19px;\"><span style=\"font-family: arial,helvetica,sans-serif;\">sekreterare<\/span><\/td>\n<td style=\"width: 26.4463%; height: 19px;\">0705-764 452<\/td>\n<\/tr>\n<tr style=\"height: 25px;\">\n<td style=\"width: 44.4215%; height: 25px;\"><span style=\"font-family: arial,helvetica,sans-serif;\">Ronny Terbrant<\/span><\/td>\n<td style=\"width: 30.3719%; height: 25px;\">IT-ansvarig<\/td>\n<td style=\"width: 26.4463%; height: 25px;\">0706-831 976<\/td>\n<\/tr>\n<tr style=\"height: 25px;\">\n<td style=\"width: 44.4215%; height: 25px;\">Lars-Uno Johansson<\/td>\n<td style=\"width: 30.3719%; height: 25px;\">ledamot<\/td>\n<td style=\"width: 26.4463%; height: 25px;\">0706-380 680<\/td>\n<\/tr>\n<tr style=\"height: 19px;\">\n<td style=\"width: 44.4215%; height: 19px;\">Helena Lindh\u00e9<\/td>\n<td style=\"width: 30.3719%; height: 19px;\">ledamot<\/td>\n<td style=\"width: 26.4463%; height: 19px;\">0739-166 026<\/td>\n<\/tr>\n<tr style=\"height: 20px;\">\n<td style=\"width: 44.4215%; height: 20px;\"><span style=\"font-family: arial,helvetica,sans-serif;\">Berndt Svensson<\/span><\/td>\n<td style=\"width: 30.3719%; height: 20px;\">ledamot<\/td>\n<td style=\"width: 26.4463%; height: 20px;\"><span style=\"font-family: arial,helvetica,sans-serif;\">0705-461 016<\/span><\/td>\n<\/tr>\n<tr style=\"height: 19px;\">\n<td style=\"width: 44.4215%; height: 19px;\"><span style=\"font-family: arial,helvetica,sans-serif;\">Kjell Lundmark<\/span><\/td>\n<td style=\"width: 30.3719%; height: 19px;\">ledamot<\/td>\n<td style=\"width: 26.4463%; height: 19px;\"><span style=\"font-family: arial,helvetica,sans-serif;\">0762-964 280<\/span><\/td>\n<\/tr>\n<tr style=\"height: 20px;\">\n<td style=\"width: 44.4215%; height: 20px;\"><em><strong>Adjungerade:<\/strong><\/em><\/td>\n<td style=\"width: 30.3719%; height: 20px;\">\u00a0<\/td>\n<td style=\"width: 26.4463%; height: 20px;\"><span style=\"font-family: arial,helvetica,sans-serif;\">\u00a0<\/span><\/td>\n<\/tr>\n<tr style=\"height: 19px;\">\n<td style=\"width: 44.4215%; height: 19px;\">Ingela Bj\u00f6rn\u00e5sen Nystr\u00f6m<\/td>\n<td style=\"width: 30.3719%; height: 19px;\">operaansvarig<\/td>\n<td style=\"width: 26.4463%; height: 19px;\"><span style=\"font-family: arial,helvetica,sans-serif;\">0708-228 219<\/span><\/td>\n<\/tr>\n<tr style=\"height: 19px;\">\n<td style=\"width: 44.4215%; height: 19px;\"><span style=\"font-family: arial,helvetica,sans-serif;\">Eliza \u00c5kesson<\/span><\/td>\n<td style=\"width: 30.3719%; height: 19px;\">bio &amp; lunchteater<\/td>\n<td style=\"width: 26.4463%; height: 19px;\"><span style=\"font-family: arial,helvetica,sans-serif;\">0708-822 293<\/span><\/td>\n<\/tr>\n<\/tbody>\n<\/table>\n<p><span style=\"font-family: arial,helvetica,sans-serif;\"><strong>Bankgiro:<\/strong> \u00a0\u00a0\u00a0\u00a0\u00a0\u00a0\u00a0 5236-7273<\/span><br \/><span style=\"font-family: arial,helvetica,sans-serif;\"><strong>Swish: \u00a0 \u00a0 \u00a0 \u00a0 \u00a0 \u00a0 <\/strong>\u00a0123 422 8763<\/span><\/p>\n<p style=\"text-align: justify;\"><span style=\"font-family: arial,helvetica,sans-serif;\"><strong>Hemsida:<\/strong>\u00a0\u00a0\u00a0\u00a0\u00a0\u00a0\u00a0\u00a0 \u00a0 <a href=\"http:\/\/www.aktivaseniorerlerum.se\"><u><span style=\"color: #0066cc;\">www.aktivaseniorerlerum.se<br \/><\/span><\/u><\/a>\u00a0\u00a0\u00a0\u00a0\u00a0\u00a0\u00a0\u00a0\u00a0\u00a0\u00a0\u00a0\u00a0\u00a0\u00a0\u00a0\u00a0\u00a0\u00a0\u00a0\u00a0\u00a0\u00a0\u00a0\u00a0\u00a0 Ansvarig Ronny Terbrant, 0706-831 976<\/span><\/p>\n<p style=\"text-align: left;\"><span style=\"font-family: arial,helvetica,sans-serif;\"><strong>e-postadress: \u00a0 <\/strong><a href=\"mailto:info@aktivaseniorerlerum.se\"><u><span style=\"color: #0066cc;\">info@aktivaseniorerlerum.se<br \/><\/span><\/u><\/a>Meddela ny eller \u00e4ndrad e-postadress, postadress och tel nr\u00a0till denna e-postadress.<\/span><u><span style=\"color: #0066cc;\"><br \/><\/span><\/u><\/p>\n<p><em><strong>Hur man blir medlem<\/strong><\/em><\/p>\n<ul>\n<li>Du m\u00e5ste bo i Lerums kommun f\u00f6r att bli antagen som medlem i f\u00f6reningen.<\/li>\n<li>Du skickar ett meddelande till v\u00e5r e-postadress: <a href=\"mailto:info@aktivaseniorerlerum.se\">info@aktivaseniorerlerum.se<\/a><strong><br \/><\/strong>Ange namn, adress, telefon och mobiltelefon samt din e-postadress s\u00e5 blir du registrerad i v\u00e5r k\u00f6lista.<\/li>\n<li>Meddela f\u00f6r\u00e4ndringar i kontaktuppgifter till <a href=\"mailto:info@aktivaseniorerlerum.se\">info@aktivaseniorerlerum.se<\/a><\/li>\n<li>Vi har begr\u00e4nsat antalet medlemmar till ca 1 000 personer.<\/li>\n<\/ul>\n\n\n<p><\/p>\n\n\n","protected":false},"excerpt":{"rendered":"<p>Kajsa R\u00e4ntfors Ordf\u00f6rande 0703-949 090 Lars \u00c5keson vice ordf\u00f6rande 0708- 237 219 Lisbeth Gabrielsson kass\u00f6r 0761-700 152 Kerstin Wallgren sekreterare 0705-764 452 Ronny Terbrant IT-ansvarig 0706-831 976 Lars-Uno Johansson ledamot 0706-380 680 Helena Lindh\u00e9 ledamot 0739-166 026 Berndt Svensson ledamot &hellip; <a href=\"https:\/\/www.aktivaseniorerlerum.se\/?page_id=1402\">Forts\u00e4tt l\u00e4sa <span class=\"meta-nav\">&rarr;<\/span><\/a><\/p>\n","protected":false},"author":1,"featured_media":0,"parent":0,"menu_order":0,"comment_status":"closed","ping_status":"closed","template":"","meta":{"footnotes":""},"class_list":["post-1402","page","type-page","status-publish","hentry"],"_links":{"self":[{"href":"https:\/\/www.aktivaseniorerlerum.se\/index.php?rest_route=\/wp\/v2\/pages\/1402","targetHints":{"allow":["GET"]}}],"collection":[{"href":"https:\/\/www.aktivaseniorerlerum.se\/index.php?rest_route=\/wp\/v2\/pages"}],"about":[{"href":"https:\/\/www.aktivaseniorerlerum.se\/index.php?rest_route=\/wp\/v2\/types\/page"}],"author":[{"embeddable":true,"href":"https:\/\/www.aktivaseniorerlerum.se\/index.php?rest_route=\/wp\/v2\/users\/1"}],"replies":[{"embeddable":true,"href":"https:\/\/www.aktivaseniorerlerum.se\/index.php?rest_route=%2Fwp%2Fv2%2Fcomments&post=1402"}],"version-history":[{"count":32,"href":"https:\/\/www.aktivaseniorerlerum.se\/index.php?rest_route=\/wp\/v2\/pages\/1402\/revisions"}],"predecessor-version":[{"id":4117,"href":"https:\/\/www.aktivaseniorerlerum.se\/index.php?rest_route=\/wp\/v2\/pages\/1402\/revisions\/4117"}],"wp:attachment":[{"href":"https:\/\/www.aktivaseniorerlerum.se\/index.php?rest_route=%2Fwp%2Fv2%2Fmedia&parent=1402"}],"curies":[{"name":"wp","href":"https:\/\/api.w.org\/{rel}","templated":true}]}}