{"id":1307,"date":"2017-03-21T17:18:48","date_gmt":"2017-03-21T16:18:48","guid":{"rendered":"http:\/\/www.aktivaseniorerlerum.se\/?page_id=1307"},"modified":"2025-12-21T21:33:39","modified_gmt":"2025-12-21T20:33:39","slug":"var-forening","status":"publish","type":"page","link":"https:\/\/www.aktivaseniorerlerum.se\/","title":{"rendered":"V\u00e4lkommen till V\u00e5ren 2026"},"content":{"rendered":"\n\n\n<p><a href=\"https:\/\/www.aktivaseniorerlerum.se\/?attachment_id=3994\" rel=\"attachment wp-att-3994\"><img loading=\"lazy\" decoding=\"async\" class=\"aligncenter size-full wp-image-3994\" src=\"http:\/\/media1.aktivaseniorerlerum.se\/2025\/12\/Forstasida.jpg\" alt=\"\" width=\"528\" height=\"335\" srcset=\"http:\/\/media1.aktivaseniorerlerum.se\/2025\/12\/Forstasida.jpg 528w, http:\/\/media1.aktivaseniorerlerum.se\/2025\/12\/Forstasida-300x190.jpg 300w, http:\/\/media1.aktivaseniorerlerum.se\/2025\/12\/Forstasida-473x300.jpg 473w\" sizes=\"auto, (max-width: 528px) 100vw, 528px\" \/><\/a><\/p>\n<p>Dags f\u00f6r en ny inspirerande termin med Aktiva Seniorer i Lerums kommun.<\/p>\n<p>H\u00e4r p\u00e5\u00a0 hemsidan <strong>www.aktivaseniorerlerum.se<\/strong> finns v\u00e5rt program inlagt och vi kommer ibland \u00e4ven l\u00e4gga in \u201dl\u00e4nkar\u201d s\u00e5 att det finns m\u00f6jlighet att hitta mer information om v\u00e5ra g\u00e4ster och aktiviteter. G\u00f6r till vana att alltid kontrollera informationen p\u00e5 hemsida och e-post.<\/p>\n<p><em>Vi f\u00f6rbeh\u00e5ller oss r\u00e4tten till program\u00e4ndringar.<br \/>Uppdaterad 2025-12-21<\/em><\/p>\n\n\n\n\n\n<p><a href=\"https:\/\/www.aktivaseniorerlerum.se\/?attachment_id=3405\" rel=\"attachment wp-att-3405\"><img loading=\"lazy\" decoding=\"async\" class=\"alignleft size-full wp-image-3405\" src=\"http:\/\/media1.aktivaseniorerlerum.se\/2024\/02\/Studieforbundet.jpg\" alt=\"\" width=\"201\" height=\"63\"\/><\/a><\/p>\n\n\n\n\n","protected":false},"excerpt":{"rendered":"<p>Dags f\u00f6r en ny inspirerande termin med Aktiva Seniorer i Lerums kommun. H\u00e4r p\u00e5\u00a0 hemsidan www.aktivaseniorerlerum.se finns v\u00e5rt program inlagt och vi kommer ibland \u00e4ven l\u00e4gga in \u201dl\u00e4nkar\u201d s\u00e5 att det finns m\u00f6jlighet att hitta mer information om v\u00e5ra g\u00e4ster &hellip; <a href=\"https:\/\/www.aktivaseniorerlerum.se\/\">Forts\u00e4tt l\u00e4sa <span class=\"meta-nav\">&rarr;<\/span><\/a><\/p>\n","protected":false},"author":1,"featured_media":0,"parent":0,"menu_order":0,"comment_status":"closed","ping_status":"closed","template":"","meta":{"footnotes":""},"class_list":["post-1307","page","type-page","status-publish","hentry"],"_links":{"self":[{"href":"https:\/\/www.aktivaseniorerlerum.se\/index.php?rest_route=\/wp\/v2\/pages\/1307","targetHints":{"allow":["GET"]}}],"collection":[{"href":"https:\/\/www.aktivaseniorerlerum.se\/index.php?rest_route=\/wp\/v2\/pages"}],"about":[{"href":"https:\/\/www.aktivaseniorerlerum.se\/index.php?rest_route=\/wp\/v2\/types\/page"}],"author":[{"embeddable":true,"href":"https:\/\/www.aktivaseniorerlerum.se\/index.php?rest_route=\/wp\/v2\/users\/1"}],"replies":[{"embeddable":true,"href":"https:\/\/www.aktivaseniorerlerum.se\/index.php?rest_route=%2Fwp%2Fv2%2Fcomments&post=1307"}],"version-history":[{"count":64,"href":"https:\/\/www.aktivaseniorerlerum.se\/index.php?rest_route=\/wp\/v2\/pages\/1307\/revisions"}],"predecessor-version":[{"id":4075,"href":"https:\/\/www.aktivaseniorerlerum.se\/index.php?rest_route=\/wp\/v2\/pages\/1307\/revisions\/4075"}],"wp:attachment":[{"href":"https:\/\/www.aktivaseniorerlerum.se\/index.php?rest_route=%2Fwp%2Fv2%2Fmedia&parent=1307"}],"curies":[{"name":"wp","href":"https:\/\/api.w.org\/{rel}","templated":true}]}}